{"id":31695,"date":"2025-03-13T10:10:20","date_gmt":"2025-03-13T10:10:20","guid":{"rendered":"https:\/\/homestime.net\/?post_type=product&#038;p=31695"},"modified":"2025-03-20T11:20:17","modified_gmt":"2025-03-20T11:20:17","slug":"karaca-cagil-2-piece-cutting-board","status":"publish","type":"product","link":"https:\/\/homestime.net\/ar\/product\/karaca-cagil-2-piece-cutting-board\/","title":{"rendered":"Karaca \u00c7a\u011f\u0131l 2-Piece Cutting Board"},"content":{"rendered":"","protected":false},"excerpt":{"rendered":"<p><strong><span>Karaca \u00c7a\u011f\u0131l 2-Piece Cutting Board<\/span><\/strong><\/p>\n<p><strong><span>Small Size:<\/span><\/strong><span>\u00a028x22x1.5 cm<\/span><\/p>\n<p><strong>Medium Size:<\/strong>\u00a033x25x1.5 cm<\/p>\n<div class=\"productDetailItem\">\n<div><b><span>Can it be washed in the dishwasher?:<\/span><\/b><span>Hand Wash Recommended<\/span><\/div>\n<\/div>\n<div class=\"productDetailItem\"><\/div>\n","protected":false},"featured_media":31731,"template":"","meta":[],"product_brand":[222],"product_cat":[16,38,17,20],"product_tag":[],"class_list":{"0":"post-31695","1":"product","2":"type-product","3":"status-publish","4":"has-post-thumbnail","6":"product_brand-karaca","7":"product_cat-all-products","8":"product_cat-cutting-boards","9":"product_cat-kitchen","10":"product_cat-new-arrival","12":"first","13":"instock","14":"taxable","15":"shipping-taxable","16":"purchasable","17":"product-type-simple"},"aioseo_notices":[],"_links":{"self":[{"href":"https:\/\/homestime.net\/ar\/wp-json\/wp\/v2\/product\/31695","targetHints":{"allow":["GET"]}}],"collection":[{"href":"https:\/\/homestime.net\/ar\/wp-json\/wp\/v2\/product"}],"about":[{"href":"https:\/\/homestime.net\/ar\/wp-json\/wp\/v2\/types\/product"}],"version-history":[{"count":2,"href":"https:\/\/homestime.net\/ar\/wp-json\/wp\/v2\/product\/31695\/revisions"}],"predecessor-version":[{"id":36239,"href":"https:\/\/homestime.net\/ar\/wp-json\/wp\/v2\/product\/31695\/revisions\/36239"}],"wp:featuredmedia":[{"embeddable":true,"href":"https:\/\/homestime.net\/ar\/wp-json\/wp\/v2\/media\/31731"}],"wp:attachment":[{"href":"https:\/\/homestime.net\/ar\/wp-json\/wp\/v2\/media?parent=31695"}],"wp:term":[{"taxonomy":"product_brand","embeddable":true,"href":"https:\/\/homestime.net\/ar\/wp-json\/wp\/v2\/product_brand?post=31695"},{"taxonomy":"product_cat","embeddable":true,"href":"https:\/\/homestime.net\/ar\/wp-json\/wp\/v2\/product_cat?post=31695"},{"taxonomy":"product_tag","embeddable":true,"href":"https:\/\/homestime.net\/ar\/wp-json\/wp\/v2\/product_tag?post=31695"}],"curies":[{"name":"wp","href":"https:\/\/api.w.org\/{rel}","templated":true}]}}